{"id":110,"date":"2021-06-02T11:44:03","date_gmt":"2021-06-02T11:44:03","guid":{"rendered":"http:\/\/10.0.3.17\/?page_id=110"},"modified":"2021-09-29T09:02:11","modified_gmt":"2021-09-29T09:02:11","slug":"eri-pl-2","status":"publish","type":"page","link":"https:\/\/www.ris-odra.pl\/?page_id=110&lang=pl","title":{"rendered":"ERI"},"content":{"rendered":"<p><strong>ERI<\/strong><\/p>\n<p>System ERI <em>(ang. Electronic Reporting) <\/em>to system Elektronicznego Raportowania Statk\u00f3w, odpowiedzialny jest za dwustronn\u0105 elektroniczn\u0105 wymian\u0119 informacji o \u0142adunkach i podr\u00f3\u017cy statku pomi\u0119dzy statkiem, a Centrum RIS, a tak\u017ce przy pomocy Mi\u0119dzynarodowej wymiany danych (IDE) pomi\u0119dzy r\u00f3\u017cnymi Centrami RIS. Meldunki te zbierane s\u0105 przez Centrum RIS, co pozwala na istotne uzupe\u0142nienie strategicznego obrazu ruchu w Centrum RIS.<\/p>\n<p>Standaryzacja us\u0142ugi ERI prowadzona jest przez Grup\u0119 Ekspert\u00f3w RIS. <strong>Standard wyr\u00f3\u017cnia cztery typu komunikat\u00f3w:<\/strong><\/p>\n<ul>\n<li>ERINOT (ang. Electronic Reporting International Notification Message);<\/li>\n<li>ERIRSP (ang. Response Message);<\/li>\n<li>BERMAN (ang. Berth Management Message);<\/li>\n<li>PAXLST (ang. Passenger List Message).<\/li>\n<\/ul>\n<p>Komunikat <strong>ERINOT<\/strong> stosuje si\u0119 do przekazywania informacji dotycz\u0105cych rejsu oraz informacji dotycz\u0105cych towar\u00f3w niebezpiecznych i bezpiecznych przewo\u017conych na pok\u0142adzie statk\u00f3w przemieszczaj\u0105cych si\u0119 po \u015br\u00f3dl\u0105dowych drogach wodnych. Komunikat w standardzie ERINOT obejmuje trzy rodzaje komunikat\u00f3w:<\/p>\n<ul>\n<li>VES &#8211; powiadomienie w\u0142adz o transporcie statkiem przekazane ze statku na l\u0105d sta\u0142y;<\/li>\n<li>CAR &#8211; powiadomienie w\u0142adz o transporcie przez przewo\u017anika przekazane z l\u0105du sta\u0142ego na l\u0105d sta\u0142y;<\/li>\n<li>PAS &#8211; powiadomienie jednego organu przez drugi organ o przej\u015bciu statku.<\/li>\n<\/ul>\n<p>Komunikat zwrotny ERI &#8211; <strong>ERISP<\/strong>, jest generowany np. przez Centrum RIS w celu potwierdzenia, \u017ce w\u0142a\u015bciwe organy otrzyma\u0142y wys\u0142any przez statek komunikat ERI oraz mo\u017ce jednocze\u015bnie s\u0142u\u017cy\u0107, jako potwierdzenie odbioru. Zaleca si\u0119, aby otrzymanie ka\u017cdego komunikatu ERINOT by\u0142o potwierdzane przez komunikat ERIRSP.<\/p>\n<p>Komunikat dotycz\u0105cy awizacji, zawini\u0119cia, manewr\u00f3w statk\u00f3w w porcie <strong>BERMAN<\/strong> \u0142\u0105czy powiadomienie poprzedzaj\u0105ce przybycie i odpowiednio og\u00f3ln\u0105 deklaracj\u0119 w jedno powiadomienie. W przypadku \u017ceglugi \u015br\u00f3dl\u0105dowej statki wysy\u0142aj\u0105 komunikat BERMAN przed wej\u015bciem do przystani lub portu lub opuszczeniem przystani lub portu, przekazuj\u0105c informacje o godzinie wej\u015bcia do portu oraz o us\u0142ugach koniecznych do zapewnienia sprawnej obs\u0142ugi w celu wsparcia procedur i u\u0142atwienia kontroli. W komunikacie BERMAN mo\u017cna wymieni\u0107 dodatkowe wymagane us\u0142ugi, kt\u00f3re powinny by\u0107 zapewnione przy cumowaniu. Wymaganymi elementami informacji s\u0105 przewidywany czas przybycia (ETA) do punktu wej\u015bcia oraz, w razie potrzeby, do punktu wyj\u015bcia, a tak\u017ce poprzednie porty, do kt\u00f3rych zawija\u0142 statek.<\/p>\n<p>Komunikat <strong>PAXLST<\/strong> stosowany jest przy wymianie danych w \u017cegludze \u015br\u00f3dl\u0105dowej mi\u0119dzy kapitanem b\u0105d\u017a przewo\u017anikiem a wyznaczonym organem takim jak np.: terminal ISPS, s\u0142u\u017cba celna, s\u0142u\u017cba imigracyjna, policja. Komunikat ten jest r\u00f3wnie\u017c stosowany w celu przekazywania danych dotycz\u0105cych pasa\u017cer\u00f3w\/za\u0142ogi przez wyznaczone organy w kraju, z kt\u00f3rego statek wyp\u0142yn\u0105\u0142, odpowiednim organom w kraju docelowym statku.<\/p>\n<p>Centrum RIS Odra jest przygotowane do odbioru komunikat\u00f3w ERI, jednak ze wzgl\u0119du na ograniczenia prawne nie jest obecnie u\u017cywany. Praktyka Wdro\u017cenia Pilota\u017cowego RIS pokaza\u0142a, \u017ce istotn\u0105 rol\u0119 zw\u0142aszcza w aspekcie \u015bledzenia i monitorowania ruchu statk\u00f3w pe\u0142ni\u0107 mo\u017ce tak\u017ce system nadzoru wizyjnego CCTV oraz system \u0142\u0105czno\u015bci g\u0142osowej VHF, zw\u0142aszcza w sytuacji, gdy system ERI nie jest u\u017cywany.<\/p>\n","protected":false},"excerpt":{"rendered":"<p>ERI System ERI (ang. Electronic Reporting) to system Elektronicznego Raportowania Statk\u00f3w, odpowiedzialny jest za dwustronn\u0105 elektroniczn\u0105 wymian\u0119 informacji o \u0142adunkach i podr\u00f3\u017cy statku pomi\u0119dzy statkiem, a Centrum RIS, a tak\u017ce przy pomocy Mi\u0119dzynarodowej wymiany danych (IDE) pomi\u0119dzy r\u00f3\u017cnymi Centrami RIS. Meldunki te zbierane s\u0105 przez Centrum RIS, co pozwala na istotne uzupe\u0142nienie strategicznego obrazu ruchu w Centrum RIS. Standaryzacja us\u0142ugi<\/p>\n","protected":false},"author":2,"featured_media":0,"parent":0,"menu_order":0,"comment_status":"closed","ping_status":"closed","template":"template-fullwidth.php","meta":{"ngg_post_thumbnail":0,"footnotes":""},"class_list":["post-110","page","type-page","status-publish","hentry"],"_links":{"self":[{"href":"https:\/\/www.ris-odra.pl\/index.php?rest_route=\/wp\/v2\/pages\/110","targetHints":{"allow":["GET"]}}],"collection":[{"href":"https:\/\/www.ris-odra.pl\/index.php?rest_route=\/wp\/v2\/pages"}],"about":[{"href":"https:\/\/www.ris-odra.pl\/index.php?rest_route=\/wp\/v2\/types\/page"}],"author":[{"embeddable":true,"href":"https:\/\/www.ris-odra.pl\/index.php?rest_route=\/wp\/v2\/users\/2"}],"replies":[{"embeddable":true,"href":"https:\/\/www.ris-odra.pl\/index.php?rest_route=%2Fwp%2Fv2%2Fcomments&post=110"}],"version-history":[{"count":3,"href":"https:\/\/www.ris-odra.pl\/index.php?rest_route=\/wp\/v2\/pages\/110\/revisions"}],"predecessor-version":[{"id":591,"href":"https:\/\/www.ris-odra.pl\/index.php?rest_route=\/wp\/v2\/pages\/110\/revisions\/591"}],"wp:attachment":[{"href":"https:\/\/www.ris-odra.pl\/index.php?rest_route=%2Fwp%2Fv2%2Fmedia&parent=110"}],"curies":[{"name":"wp","href":"https:\/\/api.w.org\/{rel}","templated":true}]}}