{"id":121,"date":"2021-06-02T11:47:48","date_gmt":"2021-06-02T11:47:48","guid":{"rendered":"http:\/\/10.0.3.17\/?page_id=121"},"modified":"2023-07-14T12:50:25","modified_gmt":"2023-07-14T10:50:25","slug":"hydrometeo-de","status":"publish","type":"page","link":"https:\/\/www.ris-odra.pl\/?page_id=121&lang=de","title":{"rendered":"HydroMeteo"},"content":{"rendered":"<p>Die Aufgabe hydrometeorologischer Sensoren im RIS-System besteht darin<strong> bereitstellung von Wetter- und hydrologischen Informationen.<\/strong><\/p>\n<p>&nbsp;<\/p>\n<p>Die von den oben genannten Sensoren gewonnenen Daten sind wichtige Informationen f\u00fcr die sichere Navigation auf Binnenwasserstra\u00dfen, wo schnelle und h\u00e4ufige Wasserstandsschwankungen aufgezeichnet werden. Aktuelle Informationen zum Wasserstand, insbesondere bei Durchfahrten unter Br\u00fccken, und aktueller Zugriff auf Wetterberichte f\u00fcr einzelne Streckenabschnitte <strong>wirken sich vor allem auf die Sicherheit der RIS-Systemnutzer und auf die Logistik der Reiseplanung aus.<\/strong><\/p>\n<p>&nbsp;<\/p>\n<p><img loading=\"lazy\" decoding=\"async\" class=\"size-full wp-image-311 aligncenter\" src=\"http:\/\/10.10.50.17\/wp-content\/uploads\/2021\/09\/Wodowskazy.jpg\" alt=\"\" width=\"1123\" height=\"794\" srcset=\"https:\/\/www.ris-odra.pl\/wp-content\/uploads\/2021\/09\/Wodowskazy.jpg 1123w, https:\/\/www.ris-odra.pl\/wp-content\/uploads\/2021\/09\/Wodowskazy-300x212.jpg 300w, https:\/\/www.ris-odra.pl\/wp-content\/uploads\/2021\/09\/Wodowskazy-1024x724.jpg 1024w, https:\/\/www.ris-odra.pl\/wp-content\/uploads\/2021\/09\/Wodowskazy-768x543.jpg 768w\" sizes=\"auto, (max-width: 1123px) 100vw, 1123px\" \/><\/p>\n<p>&nbsp;<br \/>\n<img loading=\"lazy\" decoding=\"async\" class=\"size-full wp-image-310 aligncenter\" src=\"http:\/\/10.10.50.17\/wp-content\/uploads\/2021\/09\/Meteo.jpg\" alt=\"\" width=\"1123\" height=\"794\" srcset=\"https:\/\/www.ris-odra.pl\/wp-content\/uploads\/2021\/09\/Meteo.jpg 1123w, https:\/\/www.ris-odra.pl\/wp-content\/uploads\/2021\/09\/Meteo-300x212.jpg 300w, https:\/\/www.ris-odra.pl\/wp-content\/uploads\/2021\/09\/Meteo-1024x724.jpg 1024w, https:\/\/www.ris-odra.pl\/wp-content\/uploads\/2021\/09\/Meteo-768x543.jpg 768w\" sizes=\"auto, (max-width: 1123px) 100vw, 1123px\" \/><br \/>\n&nbsp;<br \/>\nAktuelle Wasserst\u00e4nde finden Sie auch auf folgenden Websites:<\/p>\n<ul>\n<li>Polnische Wasserst\u00e4nde \u2013 <a href=\"https:\/\/hydro.imgw.pl\/#map\/16.6161,52.1838,8,true,true,0\" target=\"_blank\" rel=\"noopener\"><strong>https:\/\/hydro.imgw.pl\/#map\/16.6161,52.1838,8,true,true,0<\/strong><\/a><\/li>\n<li>Deutsche Wasserst\u00e4nde \u2013 <a href=\"http:\/\/www.pegelonline.wsv.de\" target=\"_blank\" rel=\"noopener\"><strong>http:\/\/www.pegelonline.wsv.de<\/strong><\/a><\/li>\n<\/ul>\n<p>&nbsp;<\/p>\n<p>&nbsp;<\/p>\n","protected":false},"excerpt":{"rendered":"<p>Die Aufgabe hydrometeorologischer Sensoren im RIS-System besteht darin bereitstellung von Wetter- und hydrologischen Informationen. &nbsp; Die von den oben genannten Sensoren gewonnenen Daten sind wichtige Informationen f\u00fcr die sichere Navigation auf Binnenwasserstra\u00dfen, wo schnelle und h\u00e4ufige Wasserstandsschwankungen aufgezeichnet werden. Aktuelle Informationen zum Wasserstand, insbesondere bei Durchfahrten unter Br\u00fccken, und aktueller Zugriff auf Wetterberichte f\u00fcr einzelne Streckenabschnitte wirken sich vor allem<\/p>\n","protected":false},"author":2,"featured_media":0,"parent":0,"menu_order":0,"comment_status":"closed","ping_status":"closed","template":"template-fullwidth.php","meta":{"ngg_post_thumbnail":0,"footnotes":""},"class_list":["post-121","page","type-page","status-publish","hentry"],"_links":{"self":[{"href":"https:\/\/www.ris-odra.pl\/index.php?rest_route=\/wp\/v2\/pages\/121","targetHints":{"allow":["GET"]}}],"collection":[{"href":"https:\/\/www.ris-odra.pl\/index.php?rest_route=\/wp\/v2\/pages"}],"about":[{"href":"https:\/\/www.ris-odra.pl\/index.php?rest_route=\/wp\/v2\/types\/page"}],"author":[{"embeddable":true,"href":"https:\/\/www.ris-odra.pl\/index.php?rest_route=\/wp\/v2\/users\/2"}],"replies":[{"embeddable":true,"href":"https:\/\/www.ris-odra.pl\/index.php?rest_route=%2Fwp%2Fv2%2Fcomments&post=121"}],"version-history":[{"count":4,"href":"https:\/\/www.ris-odra.pl\/index.php?rest_route=\/wp\/v2\/pages\/121\/revisions"}],"predecessor-version":[{"id":580,"href":"https:\/\/www.ris-odra.pl\/index.php?rest_route=\/wp\/v2\/pages\/121\/revisions\/580"}],"wp:attachment":[{"href":"https:\/\/www.ris-odra.pl\/index.php?rest_route=%2Fwp%2Fv2%2Fmedia&parent=121"}],"curies":[{"name":"wp","href":"https:\/\/api.w.org\/{rel}","templated":true}]}}