{"id":123,"date":"2021-06-02T11:48:08","date_gmt":"2021-06-02T11:48:08","guid":{"rendered":"http:\/\/10.0.3.17\/?page_id=123"},"modified":"2021-10-22T14:39:44","modified_gmt":"2021-10-22T12:39:44","slug":"hydrometeo-pl","status":"publish","type":"page","link":"https:\/\/www.ris-odra.pl\/?page_id=123&lang=pl","title":{"rendered":"HydroMeteo"},"content":{"rendered":"<p>Zadaniem sensor\u00f3w hydro-meteorologicznych w systemie RIS jest <strong>dostarczanie informacji pogodowych oraz hydrologicznych.<\/strong><\/p>\n<p>&nbsp;<\/p>\n<p>Dane pozyskane z wy\u017cej wymienionych czujnik\u00f3w stanowi\u0105 kluczow\u0105 informacj\u0119 dla prowadzenia bezpiecznej nawigacji na drogach \u015br\u00f3dl\u0105dowych, na kt\u00f3rych odnotowuje si\u0119 szybkie i cz\u0119ste wahania stanu wody. Aktualna informacja o poziomie wody, szczeg\u00f3lnie w przypadku prze\u015bwit\u00f3w pod mostami, oraz bie\u017c\u0105cy dost\u0119p do komunikat\u00f3w o stanie pogody na poszczeg\u00f3lne odcinki trasy <strong>maj\u0105 wp\u0142yw przede wszystkim na bezpiecze\u0144stwo u\u017cytkownik\u00f3w systemu RIS oraz na logistyk\u0119 planowania podr\u00f3\u017cy.<\/strong>&nbsp; <img loading=\"lazy\" decoding=\"async\" class=\"size-full wp-image-311 aligncenter\" src=\"http:\/\/10.10.50.17\/wp-content\/uploads\/2021\/09\/Wodowskazy.jpg\" alt=\"\" width=\"1123\" height=\"794\" srcset=\"https:\/\/www.ris-odra.pl\/wp-content\/uploads\/2021\/09\/Wodowskazy.jpg 1123w, https:\/\/www.ris-odra.pl\/wp-content\/uploads\/2021\/09\/Wodowskazy-300x212.jpg 300w, https:\/\/www.ris-odra.pl\/wp-content\/uploads\/2021\/09\/Wodowskazy-1024x724.jpg 1024w, https:\/\/www.ris-odra.pl\/wp-content\/uploads\/2021\/09\/Wodowskazy-768x543.jpg 768w\" sizes=\"auto, (max-width: 1123px) 100vw, 1123px\" \/><\/p>\n<p>&nbsp;<br \/>\n<img loading=\"lazy\" decoding=\"async\" class=\"size-full wp-image-310 aligncenter\" src=\"http:\/\/10.10.50.17\/wp-content\/uploads\/2021\/09\/Meteo.jpg\" alt=\"\" width=\"1123\" height=\"794\" srcset=\"https:\/\/www.ris-odra.pl\/wp-content\/uploads\/2021\/09\/Meteo.jpg 1123w, https:\/\/www.ris-odra.pl\/wp-content\/uploads\/2021\/09\/Meteo-300x212.jpg 300w, https:\/\/www.ris-odra.pl\/wp-content\/uploads\/2021\/09\/Meteo-1024x724.jpg 1024w, https:\/\/www.ris-odra.pl\/wp-content\/uploads\/2021\/09\/Meteo-768x543.jpg 768w\" sizes=\"auto, (max-width: 1123px) 100vw, 1123px\" \/><br \/>\n&nbsp;<br \/>\nAktualne stany wody dost\u0119pne s\u0105 r\u00f3wnie\u017c w poni\u017cszych serwisach internetowych:<\/p>\n<ul>\n<li>wodowskazy polskie \u2013 <a href=\"https:\/\/hydro.imgw.pl\/#map\/16.6161,52.1838,8,true,true,0\" target=\"_blank\" rel=\"noopener\"><strong>https:\/\/hydro.imgw.pl\/#map\/16.6161,52.1838,8,true,true,0<\/strong><\/a><\/li>\n<li>wodowskazy niemieckie \u2013 <a href=\"http:\/\/www.pegelonline.wsv.de\" target=\"_blank\" rel=\"noopener\"><strong>http:\/\/www.pegelonline.wsv.de<\/strong><\/a><\/li>\n<\/ul>\n<p>&nbsp;<\/p>\n","protected":false},"excerpt":{"rendered":"<p>Zadaniem sensor\u00f3w hydro-meteorologicznych w systemie RIS jest dostarczanie informacji pogodowych oraz hydrologicznych. &nbsp; Dane pozyskane z wy\u017cej wymienionych czujnik\u00f3w stanowi\u0105 kluczow\u0105 informacj\u0119 dla prowadzenia bezpiecznej nawigacji na drogach \u015br\u00f3dl\u0105dowych, na kt\u00f3rych odnotowuje si\u0119 szybkie i cz\u0119ste wahania stanu wody. Aktualna informacja o poziomie wody, szczeg\u00f3lnie w przypadku prze\u015bwit\u00f3w pod mostami, oraz bie\u017c\u0105cy dost\u0119p do komunikat\u00f3w o stanie pogody na poszczeg\u00f3lne<\/p>\n","protected":false},"author":2,"featured_media":0,"parent":0,"menu_order":0,"comment_status":"closed","ping_status":"closed","template":"template-fullwidth.php","meta":{"ngg_post_thumbnail":0,"footnotes":""},"class_list":["post-123","page","type-page","status-publish","hentry"],"_links":{"self":[{"href":"https:\/\/www.ris-odra.pl\/index.php?rest_route=\/wp\/v2\/pages\/123","targetHints":{"allow":["GET"]}}],"collection":[{"href":"https:\/\/www.ris-odra.pl\/index.php?rest_route=\/wp\/v2\/pages"}],"about":[{"href":"https:\/\/www.ris-odra.pl\/index.php?rest_route=\/wp\/v2\/types\/page"}],"author":[{"embeddable":true,"href":"https:\/\/www.ris-odra.pl\/index.php?rest_route=\/wp\/v2\/users\/2"}],"replies":[{"embeddable":true,"href":"https:\/\/www.ris-odra.pl\/index.php?rest_route=%2Fwp%2Fv2%2Fcomments&post=123"}],"version-history":[{"count":7,"href":"https:\/\/www.ris-odra.pl\/index.php?rest_route=\/wp\/v2\/pages\/123\/revisions"}],"predecessor-version":[{"id":426,"href":"https:\/\/www.ris-odra.pl\/index.php?rest_route=\/wp\/v2\/pages\/123\/revisions\/426"}],"wp:attachment":[{"href":"https:\/\/www.ris-odra.pl\/index.php?rest_route=%2Fwp%2Fv2%2Fmedia&parent=123"}],"curies":[{"name":"wp","href":"https:\/\/api.w.org\/{rel}","templated":true}]}}