{"id":139,"date":"2021-06-02T11:54:15","date_gmt":"2021-06-02T11:54:15","guid":{"rendered":"http:\/\/10.0.3.17\/?page_id=139"},"modified":"2023-07-14T14:07:36","modified_gmt":"2023-07-14T12:07:36","slug":"ris-center-de","status":"publish","type":"page","link":"https:\/\/www.ris-odra.pl\/?page_id=139&lang=de","title":{"rendered":"RIS Karte des Zentrumsbereichs"},"content":{"rendered":"<p>Das Hauptziel des RIS-Systems besteht darin, IWT zu einem transparenten, zuverl\u00e4ssigen, flexiblen und leicht zug\u00e4nglichen Transportmittel zu machen, das mit anderen Arten des G\u00fcterverkehrs konkurrieren kann. Die Europ\u00e4ische Kommission hat zusammen mit dem Europ\u00e4ischen Parlament vier strategische Vorteile ermittelt, die RIS f\u00fcr die Binnenschifffahrt zuzuweisen sind:<\/p>\n<ul>\n<li>Wettbewerbsf\u00e4higkeit der Binnenschifffahrt,<\/li>\n<li>Optimierung der Nutzung der Infrastruktur,<\/li>\n<li>Verbesserung der Sicherheit,<\/li>\n<li>Verbesserung des Umweltschutzes.<\/li>\n<\/ul>\n<p>RIS besteht aus vier Grundsegmenten:<\/p>\n<ul>\n<li>Sensorsegment &#8211; Informationsquelle,<\/li>\n<li>Daten\u00fcbertragungssegment,<\/li>\n<li>RIS Center &#8211; Ort der Informationsverarbeitung,<\/li>\n<li>RIS-Benutzersegment &#8211; Informationsadressat.<\/li>\n<\/ul>\n<p>Das RIS-System bietet Basisdienste f\u00fcr die folgenden Dienste:<\/p>\n<ul>\n<li>Bereitstellung elektronischer Navigationskarten f\u00fcr die Binnenschifffahrt (\u00fcber das Inland ENC-System &#8211; Inland Electronic Navigation Chart),<\/li>\n<li>Nachrichten f\u00fcr Schiffsmanager (NtS-Mitteilungen an Skipper),<\/li>\n<li>Schiffsverkehrskontrollsystem (VTT-Vessel Tracking and Tracing).<\/li>\n<\/ul>\n<p><img loading=\"lazy\" decoding=\"async\" class=\"alignnone size-full wp-image-285\" src=\"http:\/\/10.10.50.17\/wp-content\/uploads\/2021\/09\/pic-2.png\" alt=\"\" width=\"605\" height=\"454\" srcset=\"https:\/\/www.ris-odra.pl\/wp-content\/uploads\/2021\/09\/pic-2.png 605w, https:\/\/www.ris-odra.pl\/wp-content\/uploads\/2021\/09\/pic-2-300x225.png 300w\" sizes=\"auto, (max-width: 605px) 100vw, 605px\" \/><\/p>\n<p>&nbsp;<\/p>\n","protected":false},"excerpt":{"rendered":"<p>Das Hauptziel des RIS-Systems besteht darin, IWT zu einem transparenten, zuverl\u00e4ssigen, flexiblen und leicht zug\u00e4nglichen Transportmittel zu machen, das mit anderen Arten des G\u00fcterverkehrs konkurrieren kann. Die Europ\u00e4ische Kommission hat zusammen mit dem Europ\u00e4ischen Parlament vier strategische Vorteile ermittelt, die RIS f\u00fcr die Binnenschifffahrt zuzuweisen sind: Wettbewerbsf\u00e4higkeit der Binnenschifffahrt, Optimierung der Nutzung der Infrastruktur, Verbesserung der Sicherheit, Verbesserung des Umweltschutzes.<\/p>\n","protected":false},"author":2,"featured_media":0,"parent":0,"menu_order":0,"comment_status":"closed","ping_status":"closed","template":"template-fullwidth.php","meta":{"ngg_post_thumbnail":0,"footnotes":""},"class_list":["post-139","page","type-page","status-publish","hentry"],"_links":{"self":[{"href":"https:\/\/www.ris-odra.pl\/index.php?rest_route=\/wp\/v2\/pages\/139","targetHints":{"allow":["GET"]}}],"collection":[{"href":"https:\/\/www.ris-odra.pl\/index.php?rest_route=\/wp\/v2\/pages"}],"about":[{"href":"https:\/\/www.ris-odra.pl\/index.php?rest_route=\/wp\/v2\/types\/page"}],"author":[{"embeddable":true,"href":"https:\/\/www.ris-odra.pl\/index.php?rest_route=\/wp\/v2\/users\/2"}],"replies":[{"embeddable":true,"href":"https:\/\/www.ris-odra.pl\/index.php?rest_route=%2Fwp%2Fv2%2Fcomments&post=139"}],"version-history":[{"count":4,"href":"https:\/\/www.ris-odra.pl\/index.php?rest_route=\/wp\/v2\/pages\/139\/revisions"}],"predecessor-version":[{"id":589,"href":"https:\/\/www.ris-odra.pl\/index.php?rest_route=\/wp\/v2\/pages\/139\/revisions\/589"}],"wp:attachment":[{"href":"https:\/\/www.ris-odra.pl\/index.php?rest_route=%2Fwp%2Fv2%2Fmedia&parent=139"}],"curies":[{"name":"wp","href":"https:\/\/api.w.org\/{rel}","templated":true}]}}