{"id":142,"date":"2021-06-02T11:55:09","date_gmt":"2021-06-02T11:55:09","guid":{"rendered":"http:\/\/10.0.3.17\/?page_id=142"},"modified":"2021-09-16T14:13:41","modified_gmt":"2021-09-16T14:13:41","slug":"kontakt","status":"publish","type":"page","link":"https:\/\/www.ris-odra.pl\/?page_id=142&lang=pl","title":{"rendered":"Kontakt"},"content":{"rendered":"<h2 style=\"text-align: center;\">SYSTEM INFORMACJI RZECZNEJ<\/h2>\n<h2 style=\"text-align: center;\">RIVER INFORMATION SERVICES (RIS)<\/h2>\n<p style=\"text-align: center;\"><img loading=\"lazy\" decoding=\"async\" class=\"alignnone size-full wp-image-322\" src=\"http:\/\/10.10.50.17\/wp-content\/uploads\/2021\/09\/390.jpg\" alt=\"\" width=\"350\" height=\"101\" srcset=\"https:\/\/www.ris-odra.pl\/wp-content\/uploads\/2021\/09\/390.jpg 350w, https:\/\/www.ris-odra.pl\/wp-content\/uploads\/2021\/09\/390-300x87.jpg 300w\" sizes=\"auto, (max-width: 350px) 100vw, 350px\" \/><\/p>\n<p style=\"text-align: center;\"><strong>Urz\u0105d \u017beglugi \u015ar\u00f3dl\u0105dowej w Szczecinie<\/strong><br \/>\n<strong>Plac Batorego 4<\/strong><br \/>\n<strong>70-207 Szczecin<\/strong><\/p>\n<p style=\"text-align: center;\"><strong>Tel. +48 91 43 40 279<\/strong><br \/>\n<strong>Fax. +48 91 43 40 129<\/strong><\/p>\n<p style=\"text-align: center;\"><strong>e-mail: ris-odra@szczecin.uzs.gov.pl&nbsp;<\/strong><\/p>\n","protected":false},"excerpt":{"rendered":"<p>SYSTEM INFORMACJI RZECZNEJ RIVER INFORMATION SERVICES (RIS) Urz\u0105d \u017beglugi \u015ar\u00f3dl\u0105dowej w Szczecinie Plac Batorego 4 70-207 Szczecin Tel. +48 91 43 40 279 Fax. +48 91 43 40 129 e-mail: ris-odra@szczecin.uzs.gov.pl&nbsp;<\/p>\n","protected":false},"author":2,"featured_media":0,"parent":0,"menu_order":0,"comment_status":"closed","ping_status":"closed","template":"template-fullwidth.php","meta":{"ngg_post_thumbnail":0,"footnotes":""},"class_list":["post-142","page","type-page","status-publish","hentry"],"_links":{"self":[{"href":"https:\/\/www.ris-odra.pl\/index.php?rest_route=\/wp\/v2\/pages\/142","targetHints":{"allow":["GET"]}}],"collection":[{"href":"https:\/\/www.ris-odra.pl\/index.php?rest_route=\/wp\/v2\/pages"}],"about":[{"href":"https:\/\/www.ris-odra.pl\/index.php?rest_route=\/wp\/v2\/types\/page"}],"author":[{"embeddable":true,"href":"https:\/\/www.ris-odra.pl\/index.php?rest_route=\/wp\/v2\/users\/2"}],"replies":[{"embeddable":true,"href":"https:\/\/www.ris-odra.pl\/index.php?rest_route=%2Fwp%2Fv2%2Fcomments&post=142"}],"version-history":[{"count":3,"href":"https:\/\/www.ris-odra.pl\/index.php?rest_route=\/wp\/v2\/pages\/142\/revisions"}],"predecessor-version":[{"id":323,"href":"https:\/\/www.ris-odra.pl\/index.php?rest_route=\/wp\/v2\/pages\/142\/revisions\/323"}],"wp:attachment":[{"href":"https:\/\/www.ris-odra.pl\/index.php?rest_route=%2Fwp%2Fv2%2Fmedia&parent=142"}],"curies":[{"name":"wp","href":"https:\/\/api.w.org\/{rel}","templated":true}]}}