{"id":156,"date":"2021-06-02T11:59:09","date_gmt":"2021-06-02T11:59:09","guid":{"rendered":"http:\/\/10.0.3.17\/?page_id=156"},"modified":"2023-07-12T09:39:02","modified_gmt":"2023-07-12T07:39:02","slug":"ris-index-3","status":"publish","type":"page","link":"https:\/\/www.ris-odra.pl\/?page_id=156&lang=pl","title":{"rendered":"RIS Index"},"content":{"rendered":"<h2>Indeks RIS<\/h2>\n<p>Aktualn\u0105 wersj\u0119 mo\u017cna pobra\u0107, klikaj\u0105c poni\u017cszy link:<\/p>\n<div><a style=\"color: #3244a8; background: #fff;\" href=\"https:\/\/www.ris-odra.pl\/wp-content\/uploads\/2023\/07\/RIS_standardized_PL_v3p0_rev_2_2023_06_06.xlsx\">RIS Index, 06\/06\/2023 (XLS, 0,3 MB) <\/a><\/div>\n<p>&nbsp;<\/p>\n<h2>Indeks RIS w Europie<\/h2>\n<p>Aktualny RIS Index pa\u0144stw cz\u0142onkowskich dost\u0119pny jest pod adresem: &nbsp;<a style=\"color: #3244a8; background: #fff;\" href=\"https:\/\/www.eurisportal.eu\/waterway\/risindex?KL=en\" target=\"_blank\" rel=\"noopener\">RIS.eu<\/a>.<\/p>\n","protected":false},"excerpt":{"rendered":"<p>Indeks RIS Aktualn\u0105 wersj\u0119 mo\u017cna pobra\u0107, klikaj\u0105c poni\u017cszy link: RIS Index, 06\/06\/2023 (XLS, 0,3 MB) &nbsp; Indeks RIS w Europie Aktualny RIS Index pa\u0144stw cz\u0142onkowskich dost\u0119pny jest pod adresem: &nbsp;RIS.eu.<\/p>\n","protected":false},"author":2,"featured_media":0,"parent":0,"menu_order":0,"comment_status":"closed","ping_status":"closed","template":"template-fullwidth.php","meta":{"ngg_post_thumbnail":0,"footnotes":""},"class_list":["post-156","page","type-page","status-publish","hentry"],"_links":{"self":[{"href":"https:\/\/www.ris-odra.pl\/index.php?rest_route=\/wp\/v2\/pages\/156","targetHints":{"allow":["GET"]}}],"collection":[{"href":"https:\/\/www.ris-odra.pl\/index.php?rest_route=\/wp\/v2\/pages"}],"about":[{"href":"https:\/\/www.ris-odra.pl\/index.php?rest_route=\/wp\/v2\/types\/page"}],"author":[{"embeddable":true,"href":"https:\/\/www.ris-odra.pl\/index.php?rest_route=\/wp\/v2\/users\/2"}],"replies":[{"embeddable":true,"href":"https:\/\/www.ris-odra.pl\/index.php?rest_route=%2Fwp%2Fv2%2Fcomments&post=156"}],"version-history":[{"count":7,"href":"https:\/\/www.ris-odra.pl\/index.php?rest_route=\/wp\/v2\/pages\/156\/revisions"}],"predecessor-version":[{"id":573,"href":"https:\/\/www.ris-odra.pl\/index.php?rest_route=\/wp\/v2\/pages\/156\/revisions\/573"}],"wp:attachment":[{"href":"https:\/\/www.ris-odra.pl\/index.php?rest_route=%2Fwp%2Fv2%2Fmedia&parent=156"}],"curies":[{"name":"wp","href":"https:\/\/api.w.org\/{rel}","templated":true}]}}