{"id":254,"date":"2021-09-16T13:38:30","date_gmt":"2021-09-16T13:38:30","guid":{"rendered":"http:\/\/10.10.50.17\/?page_id=254"},"modified":"2023-12-27T15:30:35","modified_gmt":"2023-12-27T13:30:35","slug":"grundlegende-informationen","status":"publish","type":"page","link":"https:\/\/www.ris-odra.pl\/?page_id=254&lang=de","title":{"rendered":"Grundlegende Informationen"},"content":{"rendered":"<h2>GRUNDLEGENDE INFORMATIONEN<\/h2>\n<p>&nbsp;<\/p>\n<p>IENC (Inland Electronic Navigational Chart) Karten f\u00fcr die Binnenschifffahrt gelten in Struktur, Format und Inhalt als standardisiert.<\/p>\n<p>In Polen ist das Amt f\u00fcr Binnenschifffahrt in Stettin die einzige Institution, die zur Ausstellung von IENC-Karten berechtigt ist. Die erstellten Karten sind f\u00fcr die Verwendung in elektronischen Kartenanzeigeger\u00e4ten und Inland ECDIS-Navigationsinformationen vorgesehen.<\/p>\n<p>IENC-Karten enthalten notwendige Informationen f\u00fcr eine sichere Navigation. Dank der zus\u00e4tzlichen enthaltenen Informationen wird der Navigationskomfort erheblich verbessert. Um die Sicherheit der Navigation zu gew\u00e4hrleisten, sollten IENC-Karten den folgenden Datensatz enthalten:<\/p>\n<ul class=\"tempUl\">\n<li>K\u00fcste,<\/li>\n<li>Uferbauwerke,<\/li>\n<li>die eine Gefahr f\u00fcr die Schifffahrt darstellen,<\/li>\n<li>Konturen von Schleusen und Wehren,<\/li>\n<li>Fairwaygrenzen,<\/li>\n<li>Fairway-Achse mit Kilometerzahl\/Hektometer,<\/li>\n<li>Navigationshilfen wie: Teiche, Bojen, Lichter und Navigationszeichen,<\/li>\n<li>vereinzelte Gefahren<\/li>\n<\/ul>\n<p>Dank der Implementierung von RIS (Flussinformationsdiensten) auf dem Oderabschnitt: von der Autobahnbr\u00fccke in \u015awieck bis Szczecin und auf dem Abschnitt der Warthe von Kostrzyn (bei Oder) bis \u015awierkocin k\u00f6nnen Wasserstra\u00dfenbenutzer elektronische Binnenschifffahrtskarten nutzen auf diesen Abschnitten kostenlos.<\/p>\n<p>Der Prozess der Entwicklung von IENC-Karten, die vom Amt f\u00fcr Binnenschifffahrt in Stettin zur Verf\u00fcgung gestellt werden:<\/p>\n<p><img loading=\"lazy\" decoding=\"async\" class=\"aligncenter wp-image-271 size-full\" src=\"https:\/\/www.ris-odra.pl\/wp-content\/uploads\/2021\/09\/1.png\" alt=\"\" width=\"993\" height=\"450\" srcset=\"https:\/\/www.ris-odra.pl\/wp-content\/uploads\/2021\/09\/1.png 993w, https:\/\/www.ris-odra.pl\/wp-content\/uploads\/2021\/09\/1-300x136.png 300w, https:\/\/www.ris-odra.pl\/wp-content\/uploads\/2021\/09\/1-768x348.png 768w\" sizes=\"auto, (max-width: 993px) 100vw, 993px\" \/><\/p>\n<p>Das Bild unten zeigt die elektronische Navigationskarte von Stettin:<\/p>\n<p><img loading=\"lazy\" decoding=\"async\" class=\"aligncenter wp-image-272 size-full\" src=\"https:\/\/www.ris-odra.pl\/wp-content\/uploads\/2021\/09\/2.png\" alt=\"\" width=\"1243\" height=\"819\" srcset=\"https:\/\/www.ris-odra.pl\/wp-content\/uploads\/2021\/09\/2.png 1243w, https:\/\/www.ris-odra.pl\/wp-content\/uploads\/2021\/09\/2-300x198.png 300w, https:\/\/www.ris-odra.pl\/wp-content\/uploads\/2021\/09\/2-1024x675.png 1024w, https:\/\/www.ris-odra.pl\/wp-content\/uploads\/2021\/09\/2-768x506.png 768w\" sizes=\"auto, (max-width: 1243px) 100vw, 1243px\" \/><\/p>\n<p><strong>ECDIS INLAND<\/strong><\/p>\n<p>Elektronisches Kartenanzeige- und Informationssystem ECDIS (Electronic Chart Display and Information System) ist ein Navigationsinformationssystem, das eine elektronische Navigationskarte und Informationen von Navigationsmesssensoren auf einem Display integriert. Das auf dem Schiff installierte System unterst\u00fctzt den Navigator bei der Planung und Steuerung der Route.<\/p>\n<p>Inland ECDIS ist eine Erweiterung des ECDIS-Standards, der spezielle Anforderungen f\u00fcr IENC Inland Electronic Navigational Charts enth\u00e4lt. Das System muss in der Lage sein, Radarbild- und Kartendaten auf einem gemeinsamen Display darzustellen, die in Bezug auf Entfernung, Position und Ausrichtung konsistent sein m\u00fcssen.<\/p>\n<p>&nbsp;<\/p>\n<p>&nbsp;<\/p>\n<div>&nbsp;<\/div>\n<div>MINIMALE HARDWARE-SPEZIFIKATION F\u00dcR ECDIS<\/div>\n<p>&nbsp;<\/p>\n<div>\n<table style=\"height: 1124px;\" width=\"703\">\n<thead>\n<tr>\n<th width=\"132\">ART DER VARIANTE<\/th>\n<th width=\"132\">BESCHREIBUNG<\/th>\n<th width=\"340\">BILD<\/th>\n<\/tr>\n<\/thead>\n<tbody>\n<tr>\n<td width=\"132\"><strong>Minimale Variante<\/strong><\/td>\n<td width=\"132\">\n<div class=\"iencTableTxt11\">\n<p>PC + Monitor<\/p>\n<p>Antenne GPS<\/p>\n<p>Software f\u00fcr ECDIS<\/p>\n<\/div>\n<\/td>\n<td width=\"340\"><img decoding=\"async\" class=\"iencTableImg1\" src=\"https:\/\/www.ris-odra.pl\/wp-content\/uploads\/2021\/09\/3.png\" alt=\"\"><\/td>\n<\/tr>\n<tr>\n<td><strong>Variante mit AIS<\/strong><\/td>\n<td>\n<div class=\"iencTableTxt22\">\n<p>PC + Monitor<\/p>\n<p>Antenne GPS (Satellitenkompass&nbsp; zus\u00e4tzlich als Richtungsanzeiger)<\/p>\n<p>Software f\u00fcr ECDIS<\/p>\n<p>AIS-Transponder mit UKW-Antenne<\/p>\n<\/div>\n<\/td>\n<td width=\"340\" height=\"70\"><img decoding=\"async\" class=\"iencTableImg2\" src=\"https:\/\/www.ris-odra.pl\/wp-content\/uploads\/2021\/09\/4.png\" alt=\"\"><\/td>\n<\/tr>\n<tr>\n<td><strong>Navigationsvariante mit Nutzung von AIS und Radar<\/strong><\/td>\n<td>\n<div class=\"iencTableTxt33\">\n<p>PC + Monitor<\/p>\n<p>Antenne GPS (Satellitenkompass&nbsp; zus\u00e4tzlich als Richtungsanzeiger)<\/p>\n<p>Software f\u00fcr ECDIS<\/p>\n<p>AIS-Transponder mit UKW-Antenne<\/p>\n<p>Radar<\/p>\n<\/div>\n<\/td>\n<td width=\"340\"><img decoding=\"async\" class=\"iencTableImg3\" src=\"https:\/\/www.ris-odra.pl\/wp-content\/uploads\/2021\/09\/5.png\" alt=\"\"><\/td>\n<\/tr>\n<\/tbody>\n<\/table>\n<\/div>\n<p>&nbsp;<\/p>\n<h2>NUTZUNGSBEDINGUNGEN<\/h2>\n<p><strong>NUTZUNGSBEDINGUNGEN F\u00dcR INLAND ELECTROIC NAVIGATION CHARTS (IENC)<\/strong><\/p>\n<p>I. Jeder kann die Elektronischen Binnenschifffahrtskarten (IENC) kostenlos zu visuellen, Informations- und Navigationszwecken nutzen. Es ist nicht zul\u00e4ssig, IENC-Karten f\u00fcr andere als die angegebenen Zwecke zu verwenden.<\/p>\n<p>II. Der Anspruch auf kostenlose Nutzung von IENC-Karten umfasst lediglich die M\u00f6glichkeit, deren Inhalt in Anwendungen anzuzeigen, die f\u00fcr die Anzeige von IENC-Karten oder f\u00fcr die Navigation vorgesehen sind.<\/p>\n<p>III. Das Kopieren und Bearbeiten des Inhalts von IENC-Karten sowie eine eventuelle sp\u00e4tere Aufzeichnung und Verbreitung des kopierten\/bearbeiteten Inhalts ist nur mit schriftlicher Zustimmung des Amtes f\u00fcr Binnenschifffahrt in Stettin m\u00f6glich.<\/p>\n<p>IV. Das Binnenschifffahrtsamt in Stettin beh\u00e4lt sich vor, dass die in den IENC-Karten enthaltenen Daten trotz aller Sorgfalt nicht dem aktuellen Sach- und Rechtsstand entsprechen und daher ungenau, unvollst\u00e4ndig oder veraltet sein k\u00f6nnen.<\/p>\n<p>V. Das Amt f\u00fcr Binnenschifffahrt in Stettin ist nicht verantwortlich f\u00fcr die Auswirkungen von Entscheidungen, die auf der Grundlage von IENC-Karten getroffen werden.<\/p>\n<p>VI. Alle Anfragen oder \u00c4nderungen an den Karten sind zu richten an: <a style=\"font-size: 0.95em;\" href=\"mailto:ris-odra@szczecin.uzs.gov.pl\">ris-odra@szczecin.uzs.gov.pl<\/a><\/p>\n<p>&nbsp;<\/p>\n<p><strong>REICHWEITE VON IENC <\/strong><\/p>\n<p><img loading=\"lazy\" decoding=\"async\" class=\"size-full wp-image-276 aligncenter\" src=\"https:\/\/www.ris-odra.pl\/wp-content\/uploads\/2021\/09\/6.png\" alt=\"\" width=\"794\" height=\"1122\" srcset=\"https:\/\/www.ris-odra.pl\/wp-content\/uploads\/2021\/09\/6.png 794w, https:\/\/www.ris-odra.pl\/wp-content\/uploads\/2021\/09\/6-212x300.png 212w, https:\/\/www.ris-odra.pl\/wp-content\/uploads\/2021\/09\/6-725x1024.png 725w, https:\/\/www.ris-odra.pl\/wp-content\/uploads\/2021\/09\/6-768x1085.png 768w\" sizes=\"auto, (max-width: 794px) 100vw, 794px\" \/><\/p>\n<p>Karten wurden im Standardformat *.000 f\u00fcr ECDIS-Anwendungen erstellt.<\/p>\n<p>Die ver\u00f6ffentlichten elektronischen Binnenschifffahrtskarten f\u00fcr das von RIS (Flussinformationsdiensten) abgedeckte Gebiet auf den Fl\u00fcssen Oder und Warta wurden im offiziellen Dateiformat erstellt und f\u00fcr die Verarbeitung durch das Inland Electronic Chart Display &amp; Information System (Inland ECDIS) angepasst. Um den Inhalt von Karten (IENC) anzuzeigen, ben\u00f6tigen Sie spezielle Software, die ein bestimmtes Dateiformat in den Standards 2.3 und 2.4 unterst\u00fctzt.<\/p>\n<p>Gleichzeitig m\u00f6chten wir Sie dar\u00fcber informieren, dass die Hersteller von Inland ECDIS-Systemen kostenlose Spezialsoftware anbieten, mit der Sie Karten (IENC) auch auf PCs, Laptops usw. anzeigen k\u00f6nnen.<\/p>\n<p>Die Software kann heruntergeladen werden von:<a style=\"font-size: 0.95em;\" href=\"https:\/\/www.sevencs.com\/products\/software-downloads\/\"> https:\/\/www.sevencs.com\/products\/software-downloads\/<\/a><span style=\"font-size: 0.95em;\"> oder <\/span><a style=\"font-size: 0.95em;\" href=\"http:\/\/www.teledynecaris.com\/en\/products\/easy-view\/\">http:\/\/www.teledynecaris.com\/en\/products\/easy-view\/<\/a><\/p>\n<p>&nbsp;<\/p>\n","protected":false},"excerpt":{"rendered":"<p>GRUNDLEGENDE INFORMATIONEN &nbsp; IENC (Inland Electronic Navigational Chart) Karten f\u00fcr die Binnenschifffahrt gelten in Struktur, Format und Inhalt als standardisiert. In Polen ist das Amt f\u00fcr Binnenschifffahrt in Stettin die einzige Institution, die zur Ausstellung von IENC-Karten berechtigt ist. Die erstellten Karten sind f\u00fcr die Verwendung in elektronischen Kartenanzeigeger\u00e4ten und Inland ECDIS-Navigationsinformationen vorgesehen. IENC-Karten enthalten notwendige Informationen f\u00fcr eine sichere<\/p>\n","protected":false},"author":2,"featured_media":0,"parent":0,"menu_order":0,"comment_status":"closed","ping_status":"closed","template":"template-fullwidth.php","meta":{"ngg_post_thumbnail":0,"footnotes":""},"class_list":["post-254","page","type-page","status-publish","hentry"],"_links":{"self":[{"href":"https:\/\/www.ris-odra.pl\/index.php?rest_route=\/wp\/v2\/pages\/254","targetHints":{"allow":["GET"]}}],"collection":[{"href":"https:\/\/www.ris-odra.pl\/index.php?rest_route=\/wp\/v2\/pages"}],"about":[{"href":"https:\/\/www.ris-odra.pl\/index.php?rest_route=\/wp\/v2\/types\/page"}],"author":[{"embeddable":true,"href":"https:\/\/www.ris-odra.pl\/index.php?rest_route=\/wp\/v2\/users\/2"}],"replies":[{"embeddable":true,"href":"https:\/\/www.ris-odra.pl\/index.php?rest_route=%2Fwp%2Fv2%2Fcomments&post=254"}],"version-history":[{"count":8,"href":"https:\/\/www.ris-odra.pl\/index.php?rest_route=\/wp\/v2\/pages\/254\/revisions"}],"predecessor-version":[{"id":646,"href":"https:\/\/www.ris-odra.pl\/index.php?rest_route=\/wp\/v2\/pages\/254\/revisions\/646"}],"wp:attachment":[{"href":"https:\/\/www.ris-odra.pl\/index.php?rest_route=%2Fwp%2Fv2%2Fmedia&parent=254"}],"curies":[{"name":"wp","href":"https:\/\/api.w.org\/{rel}","templated":true}]}}