{"id":265,"date":"2021-09-16T13:44:14","date_gmt":"2021-09-16T13:44:14","guid":{"rendered":"http:\/\/10.10.50.17\/?page_id=265"},"modified":"2023-07-14T12:48:02","modified_gmt":"2023-07-14T10:48:02","slug":"nts-2","status":"publish","type":"page","link":"https:\/\/www.ris-odra.pl\/?page_id=265&lang=de","title":{"rendered":"NtS"},"content":{"rendered":"<p>Bei \u201eNotices to Skippersis\u201c handelt es sich um eine standardisierte, verschl\u00fcsselte und herunterladbare Nachricht, die mindestens die f\u00fcr eine sichere Navigation erforderlichen Informationen enth\u00e4lt und zumindest in zug\u00e4nglicher elektronischer Form \u00fcbermittelt wird.<\/p>\n<p>&nbsp;<\/p>\n<p>Der Nachrichtenverbreitungsdienst f\u00fcr Schiffer ist eine der Schl\u00fcsseltechnologien von RIS und bildet zusammen mit der elektronischen Navigationskarte Inland ENC die Grundlage f\u00fcr die Implementierung von Fahrwasserinformationsdiensten.<\/p>\n<p>&nbsp;<\/p>\n<p>Der Kern der Standardisierung von Nachrichten f\u00fcr Schiffsf\u00fchrer besteht darin, ihre Verbreitung und Pr\u00e4sentation auf eine f\u00fcr den Benutzer verst\u00e4ndliche Weise zu automatisieren, indem Folgendes beibehalten wird:<\/p>\n<ul>\n<li>eine standardisierte Datenstruktur, die vordefinierte Textmodule verwendet und in einem Ausma\u00df kodiert ist, das eine automatische \u00dcbersetzung ihrer wichtigsten Inhalte in andere Sprachen erm\u00f6glicht und die Integration von Nachrichten in Kreuzfahrtplanungssysteme erleichtert<\/li>\n<li>Kompatibilit\u00e4t der standardisierten Datenstruktur mit der in Inland ECDIS verwendeten, um die Integration von Nachrichten an Schiffsf\u00fchrer in Inland ECDIS zu erleichtern.<\/li>\n<\/ul>\n<p><img loading=\"lazy\" decoding=\"async\" class=\"size-full wp-image-261 aligncenter\" src=\"http:\/\/10.10.50.17\/wp-content\/uploads\/2021\/09\/8.png\" alt=\"\" width=\"701\" height=\"211\" srcset=\"https:\/\/www.ris-odra.pl\/wp-content\/uploads\/2021\/09\/8.png 701w, https:\/\/www.ris-odra.pl\/wp-content\/uploads\/2021\/09\/8-300x90.png 300w\" sizes=\"auto, (max-width: 701px) 100vw, 701px\" \/><\/p>\n<p>&nbsp;<\/p>\n<p>Nachrichten f\u00fcr Kapit\u00e4ne k\u00f6nnen gem\u00e4\u00df dem NtS Web-Services-Standard \u00fcber einen Internetdienst vom Typ \u201ePull\u201c oder \u201ePush\u201c verteilt werden, d. Beim Herunterladen von Inhalten hat der Benutzer <strong>die M\u00f6glichkeit, mithilfe von nach der entsprechenden Nachricht zu suchen:<\/strong><\/p>\n<ul>\n<li>ein bestimmter Abschnitt der Wasserstra\u00dfe;<\/li>\n<li>ein bestimmter Abschnitt der Wasserstra\u00dfe, definiert durch einen Kilometer (Hektometer) des Flusslaufs;<\/li>\n<li>G\u00fcltigkeitsdauer (Startdatum und Enddatum);<\/li>\n<li>Datum der Ver\u00f6ffentlichung der Ank\u00fcndigung.<\/li>\n<\/ul>\n<p><img loading=\"lazy\" decoding=\"async\" class=\"size-full wp-image-263 aligncenter\" src=\"http:\/\/10.10.50.17\/wp-content\/uploads\/2021\/09\/9.png\" alt=\"\" width=\"711\" height=\"161\" srcset=\"https:\/\/www.ris-odra.pl\/wp-content\/uploads\/2021\/09\/9.png 711w, https:\/\/www.ris-odra.pl\/wp-content\/uploads\/2021\/09\/9-300x68.png 300w\" sizes=\"auto, (max-width: 711px) 100vw, 711px\" \/><\/p>\n","protected":false},"excerpt":{"rendered":"<p>Bei \u201eNotices to Skippersis\u201c handelt es sich um eine standardisierte, verschl\u00fcsselte und herunterladbare Nachricht, die mindestens die f\u00fcr eine sichere Navigation erforderlichen Informationen enth\u00e4lt und zumindest in zug\u00e4nglicher elektronischer Form \u00fcbermittelt wird. &nbsp; Der Nachrichtenverbreitungsdienst f\u00fcr Schiffer ist eine der Schl\u00fcsseltechnologien von RIS und bildet zusammen mit der elektronischen Navigationskarte Inland ENC die Grundlage f\u00fcr die Implementierung von Fahrwasserinformationsdiensten. &nbsp;<\/p>\n","protected":false},"author":5,"featured_media":0,"parent":0,"menu_order":0,"comment_status":"closed","ping_status":"closed","template":"template-fullwidth.php","meta":{"ngg_post_thumbnail":0,"footnotes":""},"class_list":["post-265","page","type-page","status-publish","hentry"],"_links":{"self":[{"href":"https:\/\/www.ris-odra.pl\/index.php?rest_route=\/wp\/v2\/pages\/265","targetHints":{"allow":["GET"]}}],"collection":[{"href":"https:\/\/www.ris-odra.pl\/index.php?rest_route=\/wp\/v2\/pages"}],"about":[{"href":"https:\/\/www.ris-odra.pl\/index.php?rest_route=\/wp\/v2\/types\/page"}],"author":[{"embeddable":true,"href":"https:\/\/www.ris-odra.pl\/index.php?rest_route=\/wp\/v2\/users\/5"}],"replies":[{"embeddable":true,"href":"https:\/\/www.ris-odra.pl\/index.php?rest_route=%2Fwp%2Fv2%2Fcomments&post=265"}],"version-history":[{"count":3,"href":"https:\/\/www.ris-odra.pl\/index.php?rest_route=\/wp\/v2\/pages\/265\/revisions"}],"predecessor-version":[{"id":577,"href":"https:\/\/www.ris-odra.pl\/index.php?rest_route=\/wp\/v2\/pages\/265\/revisions\/577"}],"wp:attachment":[{"href":"https:\/\/www.ris-odra.pl\/index.php?rest_route=%2Fwp%2Fv2%2Fmedia&parent=265"}],"curies":[{"name":"wp","href":"https:\/\/api.w.org\/{rel}","templated":true}]}}