{"id":294,"date":"2021-09-16T14:02:26","date_gmt":"2021-09-16T14:02:26","guid":{"rendered":"http:\/\/10.10.50.17\/?page_id=294"},"modified":"2024-01-23T09:36:01","modified_gmt":"2024-01-23T07:36:01","slug":"vtt-2","status":"publish","type":"page","link":"https:\/\/www.ris-odra.pl\/?page_id=294&lang=de","title":{"rendered":"VTT"},"content":{"rendered":"<div class=\"flex-column\">\n<div>\n\t\t<strong>VTT \u2013 Schiffsverfolgung und -verfolgung<\/strong><\/p>\n<p>\t\tEs handelt sich um einen der vier vom RIS-System angebotenen Dienste. Seine Aufgabe besteht darin, die Bewegung<br \/>\n\t\tvon Schiffen vom Land aus mit folgenden Instrumenten zu beobachten und zu steuern:<\/p><\/div>\n<div>\n<p>\t\t<img decoding=\"async\" class=\"wp-image-298 alignleft\" src=\"http:\/\/10.10.50.17\/wp-content\/uploads\/2021\/09\/10.jpg\" alt=\"\"\n\t\t\twidth=\"322\" height=\"392\" srcset=\"https:\/\/www.ris-odra.pl\/wp-content\/uploads\/2021\/09\/10.jpg 730w, https:\/\/www.ris-odra.pl\/wp-content\/uploads\/2021\/09\/10-247x300.jpg 247w\" sizes=\"(max-width: 730px) 100vw, 730px\" \/><\/p>\n<p>\t\t<strong>AIS\u200b Systeme<\/strong><\/p>\n<p>\t\tDie Schiffsverfolgung und -verfolgung erfolgt haupts\u00e4chlich mithilfe von Inland AIS, einem Rundfunksystem, das<br \/>\n\t\tauf der \u00dcbertragung sehr hochfrequenter Funksignale zwischen Schiffs-AIS-Stationen (mobilen Stationen) und<br \/>\n\t\tlandgest\u00fctzten AIS-Stationen basiert.\n\t<\/p><\/div>\n<div>\n\t\t<img loading=\"lazy\" decoding=\"async\" class=\"alignleft wp-image-300 size-full\" src=\"https:\/\/www.ris-odra.pl\/wp-content\/uploads\/2021\/09\/11.jpg\"\n\t\t\talt=\"\" width=\"177\" height=\"170\"><\/p>\n<p>\t\t<strong>VHF\u200b Systeme<\/strong><\/p>\n<p>\t\tDas System wird f\u00fcr die Land-Schiff- und Schiff-Schiff-Kommunikation verwendet.\u200b<\/p>\n<ul>\n<li>Schiff-Schiff-Kanal 10<\/li>\n<li>Schiff-Land-Kanal 74<\/li>\n<\/ul><\/div>\n<div>\n<p>\t\t<img decoding=\"async\" class=\"wp-image-301 alignleft\" src=\"http:\/\/10.10.50.17\/wp-content\/uploads\/2021\/09\/12.png\" alt=\"\"\n\t\t\twidth=\"267\" height=\"356\" srcset=\"https:\/\/www.ris-odra.pl\/wp-content\/uploads\/2021\/09\/12.png 800w, https:\/\/www.ris-odra.pl\/wp-content\/uploads\/2021\/09\/12-225x300.png 225w, https:\/\/www.ris-odra.pl\/wp-content\/uploads\/2021\/09\/12-768x1023.png 768w\" sizes=\"(max-width: 800px) 100vw, 800px\" \/><\/p>\n<p>\t\t<strong>CCTV-Video\u00fcberwachung<\/strong><\/p>\n<p>\t\tBesonders wichtig ist das Video\u00fcberwachungssystem an f\u00fcr die Schifffahrt strategischen Stellen wie Br\u00fccken,<br \/>\n\t\tGabelungen, Kurven, Kais. Der Blick auf die im gesamten Einsatzgebiet des Systems eingesetzten Kameras<br \/>\n\t\term\u00f6glicht eine st\u00e4ndige Kontrolle des Schiffsverkehrs und die Rekonstruktion gef\u00e4hrlicher Ereignisse.\n\t<\/p><\/div>\n<div>\n\t\t<strong>DGPS\u200b<\/strong><\/p>\n<p>\t\tDie DGPS-Messtechnik erm\u00f6glicht eine h\u00f6here Genauigkeit als die Standardmessung mit einem Empf\u00e4nger. Bei diesem<br \/>\n\t\tVerfahren kommt eine Basisstation zum Einsatz \u2013 ein an einem genau festgelegten Ort aufgestellter Empf\u00e4nger, der<br \/>\n\t\tlaufend die Differenzkorrekturen f\u00fcr einzelne Satelliten ermittelt. Der zweite Empf\u00e4nger (mobil) muss in der<br \/>\n\t\tLage sein, die \u00fcbermittelten Korrekturen \u00fcber AIS zu empfangen. Korrekturen werden im RTCM-Format \u00fcbertragen.<br \/>\n\t\tDie Anwendung generiert automatisch eine AIS 17-Nachricht und sendet diese \u00fcber die AIS-Basisstation an die<br \/>\n\t\tSchiffe. AIS-Stationen auf Schiffen enthalten automatisch die AIS-Meldung 17.\u200b<\/p>\n<p>\t\tDer VTT-Dienst tr\u00e4gt zu mehr Sicherheit und Effizienz in der Binnenschifffahrt bei, indem er:<\/p>\n<ul>\n<li>Navigationsunterst\u00fctzung,<\/li>\n<li>Katastrophenvorsorge,<\/li>\n<li>Transportmanagement,<\/li>\n<li>ein Informationsaustausch.<\/li>\n<\/ul><\/div>\n<\/div>\n","protected":false},"excerpt":{"rendered":"<p>VTT \u2013 Schiffsverfolgung und -verfolgung Es handelt sich um einen der vier vom RIS-System angebotenen Dienste. Seine Aufgabe besteht darin, die Bewegung von Schiffen vom Land aus mit folgenden Instrumenten zu beobachten und zu steuern: AIS\u200b Systeme Die Schiffsverfolgung und -verfolgung erfolgt haupts\u00e4chlich mithilfe von Inland AIS, einem Rundfunksystem, das auf der \u00dcbertragung sehr hochfrequenter Funksignale zwischen Schiffs-AIS-Stationen (mobilen Stationen)<\/p>\n","protected":false},"author":2,"featured_media":0,"parent":0,"menu_order":0,"comment_status":"closed","ping_status":"closed","template":"template-fullwidth.php","meta":{"ngg_post_thumbnail":0,"footnotes":""},"class_list":["post-294","page","type-page","status-publish","hentry"],"_links":{"self":[{"href":"https:\/\/www.ris-odra.pl\/index.php?rest_route=\/wp\/v2\/pages\/294","targetHints":{"allow":["GET"]}}],"collection":[{"href":"https:\/\/www.ris-odra.pl\/index.php?rest_route=\/wp\/v2\/pages"}],"about":[{"href":"https:\/\/www.ris-odra.pl\/index.php?rest_route=\/wp\/v2\/types\/page"}],"author":[{"embeddable":true,"href":"https:\/\/www.ris-odra.pl\/index.php?rest_route=\/wp\/v2\/users\/2"}],"replies":[{"embeddable":true,"href":"https:\/\/www.ris-odra.pl\/index.php?rest_route=%2Fwp%2Fv2%2Fcomments&post=294"}],"version-history":[{"count":5,"href":"https:\/\/www.ris-odra.pl\/index.php?rest_route=\/wp\/v2\/pages\/294\/revisions"}],"predecessor-version":[{"id":673,"href":"https:\/\/www.ris-odra.pl\/index.php?rest_route=\/wp\/v2\/pages\/294\/revisions\/673"}],"wp:attachment":[{"href":"https:\/\/www.ris-odra.pl\/index.php?rest_route=%2Fwp%2Fv2%2Fmedia&parent=294"}],"curies":[{"name":"wp","href":"https:\/\/api.w.org\/{rel}","templated":true}]}}