{"id":296,"date":"2021-09-16T14:02:32","date_gmt":"2021-09-16T14:02:32","guid":{"rendered":"http:\/\/10.10.50.17\/?page_id=296"},"modified":"2024-01-23T09:34:38","modified_gmt":"2024-01-23T07:34:38","slug":"vtt-3","status":"publish","type":"page","link":"https:\/\/www.ris-odra.pl\/?page_id=296&lang=pl","title":{"rendered":"VTT"},"content":{"rendered":"<div class=\"flex-column\">\n<div>\n<p>\t\t<strong>VTT (Vessel Tracking and Tracing)- \u015aledzenie i namierzanie statk\u00f3w<\/strong><\/p>\n<p>\t\tJest to jedna z czterech us\u0142ug oferowanych przez System RIS. Jej zadaniem jest obserwacja i zarz\u0105dzanie ruchem<br \/>\n\t\tstatk\u00f3w z l\u0105du przy u\u017cyciu nast\u0119puj\u0105cych narz\u0119dzi:<\/p><\/div>\n<div>\n<p>\t\t<img decoding=\"async\" class=\"wp-image-298 alignleft\" src=\"http:\/\/10.10.50.17\/wp-content\/uploads\/2021\/09\/10.jpg\" alt=\"\"\n\t\t\twidth=\"322\" height=\"392\" srcset=\"https:\/\/www.ris-odra.pl\/wp-content\/uploads\/2021\/09\/10.jpg 730w, https:\/\/www.ris-odra.pl\/wp-content\/uploads\/2021\/09\/10-247x300.jpg 247w\" sizes=\"(max-width: 730px) 100vw, 730px\" \/><\/p>\n<p>\t\t<strong>System AIS\u200b<\/strong><\/p>\n<p>\t\t\u015aledzenie i namierzanie statk\u00f3w w g\u0142\u00f3wnej mierze odbywa si\u0119 przy u\u017cyciu AIS \u015br\u00f3dl\u0105dowego, kt\u00f3ry jest systemem<br \/>\n\t\tnadawczym opartym na transmisji sygna\u0142\u00f3w radiowych \u200bo bardzo wysokiej cz\u0119stotliwo\u015bci mi\u0119dzy statkowymi stacjami<br \/>\n\t\tAIS (stacje mobilne), a l\u0105dowymi stacjami AIS.<\/p><\/div>\n<div>\n\t\t<img loading=\"lazy\" decoding=\"async\" class=\"alignleft wp-image-300 size-full\" src=\"https:\/\/www.ris-odra.pl\/wp-content\/uploads\/2021\/09\/11.jpg\"\n\t\t\talt=\"\" width=\"177\" height=\"170\"><\/p>\n<p>\t\t<strong>System VHF\u200b<\/strong><\/p>\n<p>\t\tSystem stosowany jest do \u0142\u0105czno\u015bci w relacjach brzeg &#8211; statek oraz&nbsp;statek &#8211; statek.&nbsp;\u200b<\/p>\n<ul>\n<li>statek-statek kana\u0142&nbsp;<strong>10<\/strong><strong>\u200b<\/strong><\/li>\n<li>statek-l\u0105d kana\u0142 <strong>74<\/strong><\/li>\n<\/ul><\/div>\n<div>\n<p>\t\t<img decoding=\"async\" class=\"wp-image-301 alignleft\" src=\"http:\/\/10.10.50.17\/wp-content\/uploads\/2021\/09\/12.png\" alt=\"\"\n\t\t\twidth=\"267\" height=\"356\" srcset=\"https:\/\/www.ris-odra.pl\/wp-content\/uploads\/2021\/09\/12.png 800w, https:\/\/www.ris-odra.pl\/wp-content\/uploads\/2021\/09\/12-225x300.png 225w, https:\/\/www.ris-odra.pl\/wp-content\/uploads\/2021\/09\/12-768x1023.png 768w\" sizes=\"(max-width: 800px) 100vw, 800px\" \/><\/p>\n<p>\t\t&nbsp;<\/p>\n<p>\t\t<strong>Monitoring wizyjny CCTV\u200b<\/strong><\/p>\n<p>\t\tSystem monitoringu wizyjnego jest szczeg\u00f3lnie wa\u017cny w miejscach strategicznych dla \u017ceglugi takich jak mosty,<br \/>\n\t\trozwidlenia, zakr\u0119ty, nabrze\u017ca. Zobrazowanie widoku z kamer rozmieszczony<\/p>\n<p>\t\tch na ca\u0142ym obszarze funkcjonowania systemu pozwala na prowadzenie sta\u0142ej kontroli ruchu statk\u00f3w oraz umo\u017cliwia<br \/>\n\t\todtworzenie niebezpiecznych zdarze\u0144.\n\t<\/p><\/div>\n<div>\n<p>\t\t<strong>DGPS\u200b<\/strong><\/p>\n<p>\t\tTechnika pomiar\u00f3w DGPS pozwala na uzyskanie wi\u0119kszej dok\u0142adno\u015bci ni\u017c przy standardowym pomiarze jednym<br \/>\n\t\todbiornikiem. Metoda ta polega na wykorzystaniu stacji bazowej \u2013 odbiornika ustawionego \u200bw dok\u0142adnie wyznaczonym<br \/>\n\t\tpunkcie, kt\u00f3ry wyznacza na bie\u017c\u0105co poprawki r\u00f3\u017cnicowe dla poszczeg\u00f3lnych satelit\u00f3w. Drugi odbiornik (ruchomy)<br \/>\n\t\tmusi mie\u0107 mo\u017cliwo\u015b\u0107 odbioru nadawanych poprawek, poprzez AIS. Poprawki s\u0105 transmitowane w formacie RTCM.<br \/>\n\t\tAplikacja, w spos\u00f3b automatyczny generuje komunikat AIS 17 \u200bi wysy\u0142a go przez stacj\u0119 bazow\u0105 AIS do statk\u00f3w.<br \/>\n\t\tStacje AIS na statkach automatycznie uwzgl\u0119dniaj\u0105 komunikat AIS 17.\u200b<\/p>\n<p>\t\tUs\u0142uga VTT przyczynia si\u0119 do zapewnienia wi\u0119kszego bezpiecze\u0144stwa i lepszej wydajno\u015bci \u017ceglugi \u015br\u00f3dl\u0105dowej<br \/>\n\t\tpoprzez:<\/p>\n<ul>\n<li>wsparcie nawigacji,<\/li>\n<li>\u0142agodzenie skutk\u00f3w katastrof,<\/li>\n<li>zarz\u0105dzanie transportem,<\/li>\n<li>wymiana informacji.<\/li>\n<\/ul><\/div>\n<\/div>\n","protected":false},"excerpt":{"rendered":"<p>VTT (Vessel Tracking and Tracing)- \u015aledzenie i namierzanie statk\u00f3w Jest to jedna z czterech us\u0142ug oferowanych przez System RIS. Jej zadaniem jest obserwacja i zarz\u0105dzanie ruchem statk\u00f3w z l\u0105du przy u\u017cyciu nast\u0119puj\u0105cych narz\u0119dzi: System AIS\u200b \u015aledzenie i namierzanie statk\u00f3w w g\u0142\u00f3wnej mierze odbywa si\u0119 przy u\u017cyciu AIS \u015br\u00f3dl\u0105dowego, kt\u00f3ry jest systemem nadawczym opartym na transmisji sygna\u0142\u00f3w radiowych \u200bo bardzo wysokiej<\/p>\n","protected":false},"author":2,"featured_media":0,"parent":0,"menu_order":0,"comment_status":"closed","ping_status":"closed","template":"template-fullwidth.php","meta":{"ngg_post_thumbnail":0,"footnotes":""},"class_list":["post-296","page","type-page","status-publish","hentry"],"_links":{"self":[{"href":"https:\/\/www.ris-odra.pl\/index.php?rest_route=\/wp\/v2\/pages\/296","targetHints":{"allow":["GET"]}}],"collection":[{"href":"https:\/\/www.ris-odra.pl\/index.php?rest_route=\/wp\/v2\/pages"}],"about":[{"href":"https:\/\/www.ris-odra.pl\/index.php?rest_route=\/wp\/v2\/types\/page"}],"author":[{"embeddable":true,"href":"https:\/\/www.ris-odra.pl\/index.php?rest_route=\/wp\/v2\/users\/2"}],"replies":[{"embeddable":true,"href":"https:\/\/www.ris-odra.pl\/index.php?rest_route=%2Fwp%2Fv2%2Fcomments&post=296"}],"version-history":[{"count":8,"href":"https:\/\/www.ris-odra.pl\/index.php?rest_route=\/wp\/v2\/pages\/296\/revisions"}],"predecessor-version":[{"id":672,"href":"https:\/\/www.ris-odra.pl\/index.php?rest_route=\/wp\/v2\/pages\/296\/revisions\/672"}],"wp:attachment":[{"href":"https:\/\/www.ris-odra.pl\/index.php?rest_route=%2Fwp%2Fv2%2Fmedia&parent=296"}],"curies":[{"name":"wp","href":"https:\/\/api.w.org\/{rel}","templated":true}]}}